{"id":43,"date":"2014-07-01T13:52:57","date_gmt":"2014-07-01T13:52:57","guid":{"rendered":"http:\/\/freddoa.com\/new\/?page_id=2"},"modified":"2014-11-26T15:41:09","modified_gmt":"2014-11-26T15:41:09","slug":"sample-page-2","status":"publish","type":"page","link":"https:\/\/freddoa.com\/","title":{"rendered":"O Escrit\u00f3rio"},"content":{"rendered":"<p>Freddo Advogados acredita na pr\u00e1tica da advocacia cujo objetivo \u00e9 um s\u00f3: produzir resultados aos clientes. Respeitamos, sempre, os seguintes valores: rela\u00e7\u00f5es transparentes, agilidade no atendimento e nas respostas aos clientes, solu\u00e7\u00f5es simples nas situa\u00e7\u00f5es em que a complexidade \u00e9 desnecess\u00e1ria.<\/p>\n<p>Prestamos servi\u00e7os jur\u00eddicos em direito empresarial a clientes brasileiros e estrangeiros. Oferecemos atendimento em todas as \u00e1reas tradicionais do direito empresarial. Oferecemos servi\u00e7os espec\u00edficos, altamente especializados, em cinco \u00e1reas do direito: contratos, contencioso, financiamentos, investimentos estrangeiros no Brasil e licita\u00e7\u00f5es.<\/p>\n<p>Prestamos servi\u00e7os jur\u00eddicos consultivos e atuamos no contencioso.<\/p>\n<p>Na \u00faltima d\u00e9cada, e apesar de atender a quaisquer setores da atividade econ\u00f4mica, e como fruto de um processo natural \u00e0 luz do hist\u00f3rico de seus s\u00f3cios, o escrit\u00f3rio vem se consolidando em segmentos espec\u00edficos, a saber: investidores estrangeiros no Brasil, empresas de tecnologia \u2013 inclusive\u00a0<em>start-ups<\/em>\u00a0-, empresas de comunica\u00e7\u00e3o e mercado financeiro.<\/p>\n<p>Nosso Escrit\u00f3rio mant\u00e9m estreita conex\u00e3o com as principais capitais brasileiras.<\/p>\n<p>Em a\u00e7\u00f5es judiciais, por meio de uma combina\u00e7\u00e3o de servi\u00e7os prestados por correspondentes e por processo eletr\u00f4nico, atuamos tamb\u00e9m em cidades do interior do Brasil.<\/p>\n<p>Nossos advogados t\u00eam forma\u00e7\u00e3o acad\u00eamica e experi\u00eancia profissional jur\u00eddica no Brasil e nos Estados Unidos.<\/p>\n","protected":false},"excerpt":{"rendered":"<p>Freddo Advogados acredita na pr\u00e1tica da advocacia cujo objetivo \u00e9 um s\u00f3: produzir resultados aos clientes. Respeitamos, sempre, os seguintes valores: rela\u00e7\u00f5es transparentes, agilidade no atendimento e nas respostas aos clientes, solu\u00e7\u00f5es simples nas situa\u00e7\u00f5es em que a complexidade \u00e9<\/p>\n","protected":false},"author":1,"featured_media":18,"parent":0,"menu_order":1,"comment_status":"closed","ping_status":"closed","template":"","meta":{"footnotes":""},"_links":{"self":[{"href":"https:\/\/freddoa.com\/index.php\/wp-json\/wp\/v2\/pages\/43"}],"collection":[{"href":"https:\/\/freddoa.com\/index.php\/wp-json\/wp\/v2\/pages"}],"about":[{"href":"https:\/\/freddoa.com\/index.php\/wp-json\/wp\/v2\/types\/page"}],"author":[{"embeddable":true,"href":"https:\/\/freddoa.com\/index.php\/wp-json\/wp\/v2\/users\/1"}],"replies":[{"embeddable":true,"href":"https:\/\/freddoa.com\/index.php\/wp-json\/wp\/v2\/comments?post=43"}],"version-history":[{"count":2,"href":"https:\/\/freddoa.com\/index.php\/wp-json\/wp\/v2\/pages\/43\/revisions"}],"predecessor-version":[{"id":91,"href":"https:\/\/freddoa.com\/index.php\/wp-json\/wp\/v2\/pages\/43\/revisions\/91"}],"wp:featuredmedia":[{"embeddable":true,"href":"https:\/\/freddoa.com\/index.php\/wp-json\/wp\/v2\/media\/18"}],"wp:attachment":[{"href":"https:\/\/freddoa.com\/index.php\/wp-json\/wp\/v2\/media?parent=43"}],"curies":[{"name":"wp","href":"https:\/\/api.w.org\/{rel}","templated":true}]}}