{"id":45,"date":"2014-07-03T16:57:34","date_gmt":"2014-07-03T16:57:34","guid":{"rendered":"http:\/\/freddoa.com\/new\/?page_id=45"},"modified":"2017-11-17T21:45:03","modified_gmt":"2017-11-17T21:45:03","slug":"noticias","status":"publish","type":"page","link":"https:\/\/freddoa.com\/index.php\/noticias\/","title":{"rendered":"Not\u00edcias &#038; Publica\u00e7\u00f5es"},"content":{"rendered":"<p><a href=\"https:\/\/freddoa.com\/wp-content\/uploads\/2015\/02\/mackenzie1.png\"><img loading=\"lazy\" decoding=\"async\" class=\"aligncenter size-full wp-image-269\" src=\"https:\/\/freddoa.com\/wp-content\/uploads\/2015\/02\/mackenzie1.png\" alt=\"mackenzie\" width=\"1000\" height=\"200\" srcset=\"https:\/\/freddoa.com\/wp-content\/uploads\/2015\/02\/mackenzie1.png 1000w, https:\/\/freddoa.com\/wp-content\/uploads\/2015\/02\/mackenzie1-300x60.png 300w\" sizes=\"(max-width: 1000px) 100vw, 1000px\" \/><\/a><\/p>\n<div style=\"position: relative; top: -20px; padding-left: 76px; padding-right: 76px; font-size: 10px; line-height: 14px;\" align=\"center\">As universidades cujas imagens aparecem aqui n\u00e3o significam nenhuma prefer\u00eancia nossa por esta ou aquela faculdade de direito.<br \/>\nS\u00e3o apenas imagens de universidades cujos nomes dispensam apresenta\u00e7\u00f5es, para servir de inspira\u00e7\u00e3o ao visitante.<\/div>\n<p>O Escrit\u00f3rio gosta de not\u00edcias e de conviver com pessoas bem informadas. Essa \u00e9 a raz\u00e3o de ser desta se\u00e7\u00e3o, que se divide nas tr\u00eas partes aqui inclu\u00eddas.<\/p>\n<div style=\"position: relative; float: left;\">\n<p><strong>Jornais e\u00a0Revistas<\/strong><\/p>\n<ul>\n<li><a href=\"http:\/\/www.folha.uol.com.br\/\" target=\"_blank\">Folha de S. Paulo<\/a><\/li>\n<li><a href=\"http:\/\/www.estadao.com.br\/\" target=\"_blank\">O Estado de S\u00e3o Paulo<\/a><\/li>\n<li><a href=\"http:\/\/www.migalhas.com.br\/\" target=\"_blank\">Migalhas<\/a><\/li>\n<li><a href=\"http:\/\/www.conjur.com.br\/\" target=\"_blank\">Consultor Jur\u00eddico &#8211; Conjur<\/a><\/li>\n<li><a href=\"http:\/\/g1.globo.com\/index.html\" target=\"_blank\">Portal G1<\/a><\/li>\n<li><a href=\"http:\/\/www.cartacapital.com.br\/\" target=\"_blank\">Carta Capital<\/a><\/li>\n<li><a href=\"http:\/\/exame.abril.com.br\/\" target=\"_blank\">Exame<\/a><\/li>\n<li><a href=\"http:\/\/www.valor.com.br\/\" target=\"_blank\">Valor Econ\u00f4mico<\/a><\/li>\n<li><a href=\"http:\/\/jornalggn.com.br\/\" target=\"_blank\">Jornal GGN<\/a><\/li>\n<\/ul>\n<p><strong>Jornais e Revistas (Internacional)<\/strong><\/p>\n<ul>\n<li><a href=\"http:\/\/www.nytimes.com\/\" target=\"_blank\">The New York Times<\/a><\/li>\n<li><a href=\"http:\/\/online.wsj.com\/home-page\" target=\"_blank\">Wall Street Journal<\/a><\/li>\n<li><a href=\"http:\/\/www.ft.com\/home\/uk\" target=\"_blank\">Financial Times<\/a><\/li>\n<li><a href=\"http:\/\/www.economist.com\/\" target=\"_blank\">The Economist<\/a><\/li>\n<\/ul>\n<\/div>\n<div style=\"position: relative; float: right; width: 50%;\">\n<p><strong>Artigos Nossos<\/strong><\/p>\n<ul>\n<li><a href=\"https:\/\/freddoa.com\/wp-content\/uploads\/2014\/12\/ppp_artigos.pdf\">Colet\u00e2nea de artigos sobre PPP<\/a><\/li>\n<li><a title=\"Boletim 04\/15 - Novas regras da Jucesp\" href=\"https:\/\/freddoa.com\/wp-content\/uploads\/2015\/04\/Boletim1.pdf\" target=\"_blank\">Boletim 04\/15 &#8211; Novas regras da Jucesp<\/a><\/li>\n<li><a href=\"https:\/\/freddoa.com\/wp-content\/uploads\/2015\/09\/Boletim2.pdf\" target=\"_blank\">Boletim 09\/15 &#8211; Altera\u00e7\u00f5es no imposto sobre ganhos de capital<\/a><\/li>\n<li><a href=\"https:\/\/freddoa.com\/wp-content\/uploads\/2015\/10\/Boletim3.pdf\">Boletim 10\/15 &#8211; PEC das Dom\u00e9sticas<\/a><\/li>\n<li><a href=\"https:\/\/freddoa.com\/wp-content\/uploads\/2016\/10\/Boletim-Startups.pdf\">Boletim\u00a010\/16 &#8211; Startups de Energia El\u00e9trica<\/a><\/li>\n<li><a href=\"https:\/\/freddoa.com\/wp-content\/uploads\/2016\/11\/Boletim-Startups-2.pdf\">Boletim 11\/16 &#8211; Regulamenta\u00e7\u00e3o do Investidor-anjo<\/a><\/li>\n<li><a href=\"https:\/\/freddoa.com\/wp-content\/uploads\/2016\/12\/Boletim-Conar-Alterado-29-11-16.pdf\">Boletim 12\/16 &#8211; Conar e novas m\u00eddias<\/a><\/li>\n<li><a href=\"https:\/\/freddoa.com\/wp-content\/uploads\/2017\/02\/Boletim-Receita-para-enviar.pdf\">Boletim 1\/17 &#8211; Novas regras do CNPJ<\/a><\/li>\n<li><a href=\"https:\/\/freddoa.com\/wp-content\/uploads\/2017\/02\/Boletim-Bacen-atualizado.pdf\">Boletim 1\/17 &#8211; Altera\u00e7\u00e3o no sistema do Bacen<\/a><\/li>\n<li><a href=\"https:\/\/freddoa.com\/wp-content\/uploads\/2017\/11\/Boletim-Im\u00f3vel.pdf\">Boletim 2\/17 &#8211; Riscos jur\u00eddicos na matr\u00edcula do im\u00f3vel<\/a><\/li>\n<li><a href=\"https:\/\/freddoa.com\/wp-content\/uploads\/2017\/11\/Boletim-EIRELI.pdf\">Boletim 4\/17 &#8211; Pessoa jur\u00eddica titular de EIRELI<\/a><\/li>\n<li><a href=\"https:\/\/freddoa.com\/wp-content\/uploads\/2017\/11\/Boletim-Censo.pdf\">Boletim 8\/17 &#8211; Censo de capital estrangeiro<\/a><\/li>\n<li><a href=\"https:\/\/freddoa.com\/wp-content\/uploads\/2017\/11\/Boletim-Simples.pdf\">Boletim 9\/17 &#8211; Mudan\u00e7as no Simples Nacional<\/a><\/li>\n<li>Boletim 12\/17 &#8211; Reforma trabalhsita<\/li>\n<\/ul>\n<\/div>\n","protected":false},"excerpt":{"rendered":"<p>As universidades cujas imagens aparecem aqui n\u00e3o significam nenhuma prefer\u00eancia nossa por esta ou aquela faculdade de direito. S\u00e3o apenas imagens de universidades cujos nomes dispensam apresenta\u00e7\u00f5es, para servir de inspira\u00e7\u00e3o ao visitante. O Escrit\u00f3rio gosta de not\u00edcias e de<\/p>\n","protected":false},"author":1,"featured_media":0,"parent":0,"menu_order":5,"comment_status":"closed","ping_status":"closed","template":"","meta":{"footnotes":""},"_links":{"self":[{"href":"https:\/\/freddoa.com\/index.php\/wp-json\/wp\/v2\/pages\/45"}],"collection":[{"href":"https:\/\/freddoa.com\/index.php\/wp-json\/wp\/v2\/pages"}],"about":[{"href":"https:\/\/freddoa.com\/index.php\/wp-json\/wp\/v2\/types\/page"}],"author":[{"embeddable":true,"href":"https:\/\/freddoa.com\/index.php\/wp-json\/wp\/v2\/users\/1"}],"replies":[{"embeddable":true,"href":"https:\/\/freddoa.com\/index.php\/wp-json\/wp\/v2\/comments?post=45"}],"version-history":[{"count":33,"href":"https:\/\/freddoa.com\/index.php\/wp-json\/wp\/v2\/pages\/45\/revisions"}],"predecessor-version":[{"id":341,"href":"https:\/\/freddoa.com\/index.php\/wp-json\/wp\/v2\/pages\/45\/revisions\/341"}],"wp:attachment":[{"href":"https:\/\/freddoa.com\/index.php\/wp-json\/wp\/v2\/media?parent=45"}],"curies":[{"name":"wp","href":"https:\/\/api.w.org\/{rel}","templated":true}]}}