{"id":9,"date":"2014-07-01T13:58:53","date_gmt":"2014-07-01T13:58:53","guid":{"rendered":"http:\/\/freddoa.com\/new\/?page_id=9"},"modified":"2015-01-27T00:40:46","modified_gmt":"2015-01-27T00:40:46","slug":"links","status":"publish","type":"page","link":"https:\/\/freddoa.com\/index.php\/links\/","title":{"rendered":"Links Jur\u00eddicos"},"content":{"rendered":"<p><img loading=\"lazy\" decoding=\"async\" class=\"aligncenter size-full wp-image-258\" src=\"https:\/\/freddoa.com\/wp-content\/uploads\/2014\/07\/columbia.png\" alt=\"columbia\" width=\"1000\" height=\"200\" srcset=\"https:\/\/freddoa.com\/wp-content\/uploads\/2014\/07\/columbia.png 1000w, https:\/\/freddoa.com\/wp-content\/uploads\/2014\/07\/columbia-300x60.png 300w\" sizes=\"(max-width: 1000px) 100vw, 1000px\" \/><\/p>\n<div style=\"position: relative; top: -20px; padding-left: 76px; padding-right: 76px; font-size: 10px; line-height: 14px;\" align=\"center\">As universidades cujas imagens aparecem aqui n\u00e3o significam nenhuma prefer\u00eancia nossa por esta ou aquela faculdade de direito.<br \/>\nS\u00e3o apenas imagens de universidades cujos nomes dispensam apresenta\u00e7\u00f5es, para servir de inspira\u00e7\u00e3o ao visitante.<\/div>\n<p><strong>Tribunais Superiores<\/strong><\/p>\n<ul>\n<li><a href=\"http:\/\/www.stf.jus.br\/portal\/principal\/principal.asp\" target=\"_blank\">Supremo Tribunal Federal &#8211; STF\u00a0<\/a><\/li>\n<li><a href=\"http:\/\/www.stj.jus.br\/\" target=\"_blank\">Superior Tribunal de Justi\u00e7a &#8211; STJ<\/a><\/li>\n<li><a href=\"http:\/\/www.stm.jus.br\/\" target=\"_blank\">Superior Tribunal Militar &#8211; STM<\/a><\/li>\n<li><a href=\"http:\/\/www.tse.jus.br\/\" target=\"_blank\">Tribunal Superior Eleitoral &#8211; TSE<\/a><\/li>\n<li><a href=\"http:\/\/www.tst.jus.br\/\" target=\"_blank\">Tribunal Superior do Trabalho &#8211; TST<\/a><\/li>\n<\/ul>\n<p><strong>\u00a0Tribunais Regionais do Trabalho<\/strong><\/p>\n<ul>\n<li><a href=\"http:\/\/www.trt1.jus.br\/\" target=\"_blank\">Tribunal Regional do Trabalho da 1\u00aa regi\u00e3o (Rio de Janeiro)<\/a><\/li>\n<li><a href=\"http:\/\/www.trtsp.jus.br\/\" target=\"_blank\">Tribunal Regional do Trabalho da 2\u00aa regi\u00e3o (S\u00e3o Paulo)<\/a><\/li>\n<li><a href=\"http:\/\/www.trt3.jus.br\/\" target=\"_blank\">Tribunal Regional do Trabalho da 3\u00aa regi\u00e3o (Minas Gerais)<\/a><\/li>\n<li><a href=\"http:\/\/portal.trt15.jus.br\/\" target=\"_blank\">Tribunal Regional do Trabalho da 15\u00aa regi\u00e3o (Campinas)<\/a><\/li>\n<\/ul>\n<p><strong>Tribunais Regionais Federais<\/strong><\/p>\n<ul>\n<li><a href=\"http:\/\/portal.trf1.jus.br\/portaltrf1\/pagina-inicial.htm\" target=\"_blank\">\u00a0Tribunal Regional Federal da 1\u00aa regi\u00e3o (AC\/AM\/RR\/RO\/AP\/MT\/MA\/TO\/DF\/GO\/PI\/BA\/MG)<\/a><\/li>\n<li><a href=\"http:\/\/portal.trf1.jus.br\/portaltrf1\/pagina-inicial.htm\" target=\"_blank\">Tribunal Regional Federal da 2\u00aa regi\u00e3o (RJ\/ES)<\/a><\/li>\n<li><a href=\"http:\/\/www.trf3.jus.br\/\" target=\"_blank\">Tribunal Regional Federal da 3\u00aa regi\u00e3o (SP\/MS)<\/a><\/li>\n<li><a href=\"http:\/\/www2.trf4.jus.br\/trf4\/\" target=\"_blank\">Tribunal Regional Federal da 4\u00aa regi\u00e3o (PR\/SC\/RS)<\/a><\/li>\n<li><a href=\"http:\/\/www.trf5.jus.br\/\" target=\"_blank\">Tribunal Regional Federal da 5\u00aa regi\u00e3o (AL\/CE\/PB\/PE\/RN\/SE)<\/a><\/li>\n<\/ul>\n<p><strong>Tribunais de Justi\u00e7a Estaduais<\/strong><\/p>\n<ul>\n<li><a href=\"http:\/\/www.tjsp.jus.br\/\" target=\"_blank\">Tribunal de Justi\u00e7a do Estado de S\u00e3o Paulo &#8211; TJSP<\/a><\/li>\n<li><a href=\"http:\/\/www.tjrj.jus.br\/web\/guest\" target=\"_blank\">Tribunal de Justi\u00e7a do Estado do Rio de Janeiro &#8211; TJRJ<\/a><\/li>\n<li><a href=\"http:\/\/www.tjmg.jus.br\/portal\/\" target=\"_blank\">Tribunal de Justi\u00e7a do Estado de Minas Gerais &#8211; TJMG<\/a><\/li>\n<li><a href=\"http:\/\/www.tjdft.jus.br\/\" target=\"_blank\">Tribunal de Justi\u00e7a do Estado do Distrito Federal &#8211; TJDFT<\/a><\/li>\n<\/ul>\n<p><strong>\u00d3rg\u00e3os Tribut\u00e1rios<\/strong><\/p>\n<ul>\n<li><a href=\"http:\/\/www.receita.fazenda.gov.br\/\" target=\"_blank\">Secretaria da Receita Federal &#8211; SRF<\/a><\/li>\n<li><a href=\"http:\/\/www.conselhos.fazenda.gov.br\/\" target=\"_blank\">Conselho Administrativo de Recursos Fiscais &#8211; CARF<\/a><\/li>\n<li><a href=\"http:\/\/www.fazenda.sp.gov.br\/\" target=\"_blank\">Secretaria da Fazenda do Estado de S\u00e3o Paulo<\/a><\/li>\n<li><a href=\"http:\/\/www.fazenda.sp.gov.br\/\" target=\"_blank\">Secretaria da Fazenda do Estado do Rio de Janeiro<\/a><\/li>\n<li><a href=\"http:\/\/www.fazenda.mg.gov.br\/\" target=\"_blank\">Secretaria da Fazenda do Estado de Minas Gerais<\/a><\/li>\n<li><a href=\"http:\/\/www.fazenda.df.gov.br\/\" target=\"_blank\">Secretaria da Fazenda do Estado do Distrito Federal<\/a><\/li>\n<\/ul>\n<p><strong>\u00d3rg\u00e3os de Direito Econ\u00f4mico e Societ\u00e1rio<\/strong><\/p>\n<ul>\n<li><a href=\"http:\/\/www.cvm.gov.br\/\" target=\"_blank\">Comiss\u00e3o de Valores Mobili\u00e1rios &#8211; CVM<\/a><\/li>\n<li><a href=\"http:\/\/www.cade.gov.br\/\" target=\"_blank\">Conselho Administrativo de Defesa Econ\u00f4mica &#8211; CADE<\/a><\/li>\n<li><a href=\"www.bcb.gov.br\/\" target=\"_blank\">Banco Central do Brasil &#8211; Bacen<\/a><\/li>\n<li><a href=\"http:\/\/www.inpi.gov.br\/portal\/\" target=\"_blank\">Instituto Nacional da Propriedade Industrial &#8211; INPI<\/a><\/li>\n<li><a href=\"https:\/\/www.jucesponline.sp.gov.br\/\" target=\"_blank\">Junta Comercial do Estado de S\u00e3o Paulo<\/a><\/li>\n<li><a href=\"http:\/\/www.jucerja.rj.gov.br\/\" target=\"_blank\">Junta Comercial do Estado do Rio de Janeiro<\/a><\/li>\n<li><a href=\"http:\/\/www.jucemg.mg.gov.br\/ibr\/\" target=\"_blank\">Junta Comercial do Estado de Minas Gerais<\/a><\/li>\n<li><a href=\"http:\/\/www.jcdf.desenvolvimento.gov.br\/\" target=\"_blank\">Junta Comercial do Distrito Federal<\/a><\/li>\n<\/ul>\n<p><strong>Com\u00e9rcio Exterior<\/strong><\/p>\n<ul>\n<li><a href=\"http:\/\/www.wto.org\/\" target=\"_blank\">Organiza\u00e7\u00e3o Mundial do Com\u00e9rcio &#8211; OMC<\/a><\/li>\n<li><a href=\"http:\/\/www.receita.fazenda.gov.br\/legislacao\/LegisAssunto\/Siscomex.htm\" target=\"_blank\">Sistema Integrado do Com\u00e9rcio Exterior<\/a><\/li>\n<li><a href=\"http:\/\/www.camex.gov.br\/\" target=\"_blank\">C\u00e2mara de Com\u00e9rcio Exterior<\/a><\/li>\n<li><a href=\"http:\/\/www.amcham.com.br\/\" target=\"_blank\">C\u00e2mara Americana de Com\u00e9rcio<\/a><\/li>\n<\/ul>\n<p><strong>OAB<\/strong><\/p>\n<ul>\n<li><a href=\"http:\/\/www.oab-ba.org.br\/\" target=\"_blank\">OAB-BA<\/a><\/li>\n<li><a href=\"http:\/\/www.oabdf.org.br\" target=\"_blank\">OAB-DF<\/a><\/li>\n<li><a href=\"http:\/\/www.oabmg.org.br\" target=\"_blank\">OAB-MG<\/a><\/li>\n<li><a href=\"http:\/\/www.oabrj.org.br\" target=\"_blank\">OAB-RJ<\/a><\/li>\n<li><a href=\"http:\/\/www.oabsp.org.br\" target=\"_blank\">OAB-SP<\/a><\/li>\n<li><a href=\"http:\/\/www.oabrs.org.br\" target=\"_blank\">OAB-RS<\/a><\/li>\n<li><a href=\"http:\/\/www.oab.org.br\/\" target=\"_blank\">Ordem dos Advogados do Brasil &#8211; OAB<\/a><\/li>\n<\/ul>\n","protected":false},"excerpt":{"rendered":"<p>As universidades cujas imagens aparecem aqui n\u00e3o significam nenhuma prefer\u00eancia nossa por esta ou aquela faculdade de direito. S\u00e3o apenas imagens de universidades cujos nomes dispensam apresenta\u00e7\u00f5es, para servir de inspira\u00e7\u00e3o ao visitante. Tribunais Superiores Supremo Tribunal Federal &#8211; STF\u00a0<\/p>\n","protected":false},"author":1,"featured_media":0,"parent":0,"menu_order":4,"comment_status":"closed","ping_status":"closed","template":"","meta":{"footnotes":""},"_links":{"self":[{"href":"https:\/\/freddoa.com\/index.php\/wp-json\/wp\/v2\/pages\/9"}],"collection":[{"href":"https:\/\/freddoa.com\/index.php\/wp-json\/wp\/v2\/pages"}],"about":[{"href":"https:\/\/freddoa.com\/index.php\/wp-json\/wp\/v2\/types\/page"}],"author":[{"embeddable":true,"href":"https:\/\/freddoa.com\/index.php\/wp-json\/wp\/v2\/users\/1"}],"replies":[{"embeddable":true,"href":"https:\/\/freddoa.com\/index.php\/wp-json\/wp\/v2\/comments?post=9"}],"version-history":[{"count":13,"href":"https:\/\/freddoa.com\/index.php\/wp-json\/wp\/v2\/pages\/9\/revisions"}],"predecessor-version":[{"id":259,"href":"https:\/\/freddoa.com\/index.php\/wp-json\/wp\/v2\/pages\/9\/revisions\/259"}],"wp:attachment":[{"href":"https:\/\/freddoa.com\/index.php\/wp-json\/wp\/v2\/media?parent=9"}],"curies":[{"name":"wp","href":"https:\/\/api.w.org\/{rel}","templated":true}]}}